{"id":2004,"date":"2023-12-19T12:07:20","date_gmt":"2023-12-19T12:07:20","guid":{"rendered":"https:\/\/formkiosk.se\/?page_id=2004"},"modified":"2025-09-21T18:49:37","modified_gmt":"2025-09-21T18:49:37","slug":"quote","status":"publish","type":"page","link":"https:\/\/formkiosk.se\/sv\/quote\/","title":{"rendered":"Offertf\u00f6rfr\u00e5gan"},"content":{"rendered":"\t\t<div data-elementor-type=\"wp-page\" data-elementor-id=\"2004\" class=\"elementor elementor-2004\">\n\t\t\t\t\t\t<section class=\"elementor-section elementor-top-section elementor-element elementor-element-7861513 elementor-section-boxed elementor-section-height-default elementor-section-height-default elementor-invisible\" data-id=\"7861513\" data-element_type=\"section\" data-e-type=\"section\" data-settings=\"{&quot;animation&quot;:&quot;fadeInUp&quot;}\">\n\t\t\t\t\t\t<div class=\"elementor-container elementor-column-gap-default\">\n\t\t\t\t\t<div class=\"elementor-column elementor-col-100 elementor-top-column elementor-element elementor-element-2c3a5e0\" data-id=\"2c3a5e0\" data-element_type=\"column\" data-e-type=\"column\" data-settings=\"{&quot;background_background&quot;:&quot;classic&quot;}\">\n\t\t\t<div class=\"elementor-widget-wrap elementor-element-populated\">\n\t\t\t\t\t\t<div class=\"elementor-element elementor-element-710a436 elementor-widget elementor-widget-spacer\" data-id=\"710a436\" data-element_type=\"widget\" data-e-type=\"widget\" data-widget_type=\"spacer.default\">\n\t\t\t\t<div class=\"elementor-widget-container\">\n\t\t\t\t\t\t\t<div class=\"elementor-spacer\">\n\t\t\t<div class=\"elementor-spacer-inner\"><\/div>\n\t\t<\/div>\n\t\t\t\t\t\t<\/div>\n\t\t\t\t<\/div>\n\t\t\t\t<div class=\"elementor-element elementor-element-980263d elementor-widget elementor-widget-heading\" data-id=\"980263d\" data-element_type=\"widget\" data-e-type=\"widget\" data-widget_type=\"heading.default\">\n\t\t\t\t<div class=\"elementor-widget-container\">\n\t\t\t\t\t<h2 class=\"elementor-heading-title elementor-size-default\">Offertf\u00f6rfr\u00e5gan<\/h2>\t\t\t\t<\/div>\n\t\t\t\t<\/div>\n\t\t\t\t<div class=\"elementor-element elementor-element-1abf806 elementor-widget elementor-widget-spacer\" data-id=\"1abf806\" data-element_type=\"widget\" data-e-type=\"widget\" data-widget_type=\"spacer.default\">\n\t\t\t\t<div class=\"elementor-widget-container\">\n\t\t\t\t\t\t\t<div class=\"elementor-spacer\">\n\t\t\t<div class=\"elementor-spacer-inner\"><\/div>\n\t\t<\/div>\n\t\t\t\t\t\t<\/div>\n\t\t\t\t<\/div>\n\t\t\t\t<div class=\"elementor-element elementor-element-41341be elementor-widget elementor-widget-wpforms\" data-id=\"41341be\" data-element_type=\"widget\" data-e-type=\"widget\" data-widget_type=\"wpforms.default\">\n\t\t\t\t<div class=\"elementor-widget-container\">\n\t\t\t\t\t<style id=\"wpforms-css-vars-elementor-widget-41341be\">\n\t\t\t\t.elementor-widget-wpforms.elementor-element-41341be {\n\t\t\t\t--wpforms-field-background-color: #FFFFFF;\n--wpforms-field-border-color: #00000000;\n--wpforms-field-border-color-spare: #00000000;\n--wpforms-field-text-color: #1F1F1F;\n--wpforms-label-sublabel-color: #11574B;\n--wpforms-label-error-color: #D66636;\n--wpforms-button-border-radius: 35px;\n--wpforms-button-background-color: #E86642;\n--wpforms-label-color: #11574B;\n\t\t\t}\n\t\t\t<\/style>\r\n<style type=\"text\/css\">\r\n\r\n\r\n\r\nbody #wpforms-2006 {\r\n\t\t\r\n\t\t\t}\r\n\r\n\t\r\n\r\n\r\n\r\n\r\n\r\n\r\n\tbody #wpforms-2006 .wpforms-form .wpforms-field input[type=text],\r\n\tbody #wpforms-2006 .wpforms-form .wpforms-field input[type=email],\r\n\tbody #wpforms-2006 .wpforms-form .wpforms-field input[type=tel],\r\n\tbody #wpforms-2006 .wpforms-form .wpforms-field input[type=url],\r\n\tbody #wpforms-2006 .wpforms-form .wpforms-field input[type=password],\r\n\tbody #wpforms-2006 .wpforms-form .wpforms-field input[type=number]\r\n\t{\r\n\t\t\t\tborder-width: 1px;\t}\r\n\r\n\tbody #wpforms-2006 .wpforms-form .wpforms-field .wpforms-field-row\r\n\t{\r\n\t\t\t}\r\n\r\n\tbody #wpforms-2006 .wpforms-form .wpforms-field-layout.wpforms-field input[type=text],\r\n\tbody #wpforms-2006 .wpforms-form .wpforms-field-layout.wpforms-field input[type=email],\r\n\tbody #wpforms-2006 .wpforms-form .wpforms-field-layout.wpforms-field input[type=tel],\r\n\tbody #wpforms-2006 .wpforms-form .wpforms-field-layout.wpforms-field input[type=url],\r\n\tbody #wpforms-2006 .wpforms-form .wpforms-field-layout.wpforms-field input[type=password],\r\n\tbody #wpforms-2006 .wpforms-form .wpforms-field-layout.wpforms-field input[type=number]{\r\n\t\twidth: 100%;\r\n\t}\r\n\r\n\tbody #wpforms-2006 .wpforms-form .wpforms-field .wpforms-field-row input[type=text]{\r\n\t\twidth: 100%;\r\n\t}\r\n\r\n\r\n\r\n\r\n\r\n\tbody #wpforms-2006 .wpforms-form .wpforms-field textarea {\r\n\t\twidth:670px ;\t\t\tborder-width: 1px;\t}\r\n\r\n\r\n\r\n\r\n\r\n\/* Styling for Tablets *\/\r\n@media only screen and (max-width: 800px) and (min-width:481px) {\r\n\t\r\n\r\n\r\n\r\n}\r\n\r\n@media only screen and (max-width: 480px){\r\n\t\r\n\r\n\r\n\r\n}\r\n\/*Option to add custom CSS *\/\r\n\r\n\r\n\r\n\t\t<\/style>\r\n\t\t<div class=\"wpforms-container wpforms-container-full wpforms-render-modern\" id=\"wpforms-2006\"><form id=\"wpforms-form-2006\" class=\"wpforms-validate wpforms-form wpforms-ajax-form\" data-formid=\"2006\" method=\"post\" enctype=\"multipart\/form-data\" action=\"\/sv\/wp-json\/wp\/v2\/pages\/2004\" data-token=\"b1c2f086f4820e4edb8d82ba736b2e7e\" data-token-time=\"1776456857\"><noscript class=\"wpforms-error-noscript\">Aktivera JavaScript i din webbl\u00e4sare f\u00f6r att fylla i formul\u00e4ret.<\/noscript><div id=\"wpforms-error-noscript\" style=\"display: none;\">Aktivera JavaScript i din webbl\u00e4sare f\u00f6r att fylla i formul\u00e4ret.<\/div><div class=\"wpforms-field-container\"><div id=\"wpforms-2006-field_0-container\" class=\"wpforms-field wpforms-field-name\" data-field-id=\"0\"><label class=\"wpforms-field-label\" for=\"wpforms-2006-field_0\">Namn <span class=\"wpforms-required-label\" aria-hidden=\"true\">*<\/span><\/label><input type=\"text\" id=\"wpforms-2006-field_0\" class=\"wpforms-field-medium wpforms-field-required\" name=\"wpforms[fields][0]\" aria-errormessage=\"wpforms-2006-field_0-error\" required><\/div><div id=\"wpforms-2006-field_1-container\" class=\"wpforms-field wpforms-field-email\" data-field-id=\"1\"><label class=\"wpforms-field-label\" for=\"wpforms-2006-field_1\">Mejl <span class=\"wpforms-required-label\" aria-hidden=\"true\">*<\/span><\/label><input type=\"email\" id=\"wpforms-2006-field_1\" class=\"wpforms-field-medium wpforms-field-required\" name=\"wpforms[fields][1]\" spellcheck=\"false\" aria-errormessage=\"wpforms-2006-field_1-error\" required><\/div><div id=\"wpforms-2006-field_3-container\" class=\"wpforms-field wpforms-field-number\" data-field-id=\"3\"><label class=\"wpforms-field-label\" for=\"wpforms-2006-field_3\">Telefon<\/label><input type=\"number\" id=\"wpforms-2006-field_3\" class=\"wpforms-field-medium\" name=\"wpforms[fields][3]\" step=\"any\" aria-errormessage=\"wpforms-2006-field_3-error\" ><\/div><div id=\"wpforms-2006-field_4-container\" class=\"wpforms-field wpforms-field-text\" data-field-id=\"4\"><label class=\"wpforms-field-label\" for=\"wpforms-2006-field_4\">F\u00f6retag<\/label><input type=\"text\" id=\"wpforms-2006-field_4\" class=\"wpforms-field-medium\" name=\"wpforms[fields][4]\" aria-errormessage=\"wpforms-2006-field_4-error\" ><\/div><div id=\"wpforms-2006-field_5-container\" class=\"wpforms-field wpforms-field-select wpforms-field-select-style-classic\" data-field-id=\"5\"><label class=\"wpforms-field-label\" for=\"wpforms-2006-field_5\">Vad kan vi hj\u00e4lpa med?<\/label><select id=\"wpforms-2006-field_5\" class=\"wpforms-field-medium\" name=\"wpforms[fields][5]\"><option value=\"V\u00e4lj\"  selected='selected' class=\"choice-8 depth-1\"  >V\u00e4lj<\/option><option value=\"F\u00f6rpackningsdesign\"  class=\"choice-5 depth-1\"  >F\u00f6rpackningsdesign<\/option><option value=\"Design f\u00f6r restauranger\"  class=\"choice-9 depth-1\"  >Design f\u00f6r restauranger<\/option><option value=\"Branding &amp; identitet\"  class=\"choice-2 depth-1\"  >Branding &amp; identitet<\/option><option value=\"Webbsida\"  class=\"choice-3 depth-1\"  >Webbsida<\/option><option value=\"Animering\"  class=\"choice-4 depth-1\"  >Animering<\/option><option value=\"Barnkulturdesign \/ Workshops\"  class=\"choice-1 depth-1\"  >Barnkulturdesign \/ Workshops<\/option><option value=\"Annat\"  class=\"choice-7 depth-1\"  >Annat<\/option><\/select><\/div><div id=\"wpforms-2006-field_8-container\" class=\"wpforms-field wpforms-field-textarea\" data-field-id=\"8\"><label class=\"wpforms-field-label\" for=\"wpforms-2006-field_8\">Meddelande <span class=\"wpforms-required-label\" aria-hidden=\"true\">*<\/span><\/label><textarea id=\"wpforms-2006-field_8\" class=\"wpforms-field-medium wpforms-field-required\" name=\"wpforms[fields][8]\" aria-errormessage=\"wpforms-2006-field_8-error\" required><\/textarea><\/div><\/div><!-- .wpforms-field-container --><div class=\"wpforms-submit-container\" ><input type=\"hidden\" name=\"wpforms[id]\" value=\"2006\"><input type=\"hidden\" name=\"page_title\" value=\"\"><input type=\"hidden\" name=\"page_url\" value=\"https:\/\/formkiosk.se\/sv\/wp-json\/wp\/v2\/pages\/2004\"><input type=\"hidden\" name=\"url_referer\" value=\"\"><button type=\"submit\" name=\"wpforms[submit]\" id=\"wpforms-submit-2006\" class=\"wpforms-submit\" data-alt-text=\"Skickar...\" data-submit-text=\"Skicka\" aria-live=\"assertive\" value=\"wpforms-submit\">Skicka<\/button><img decoding=\"async\" src=\"https:\/\/formkiosk.se\/wp-content\/plugins\/wpforms-lite\/assets\/images\/submit-spin.svg\" class=\"wpforms-submit-spinner\" style=\"display: none;\" width=\"26\" height=\"26\" alt=\"Laddar\"><\/div><\/form><\/div>  <!-- .wpforms-container -->\t\t\t\t<\/div>\n\t\t\t\t<\/div>\n\t\t\t\t\t<\/div>\n\t\t<\/div>\n\t\t\t\t\t<\/div>\n\t\t<\/section>\n\t\t\t\t<section class=\"elementor-section elementor-top-section elementor-element elementor-element-df123fc elementor-section-boxed elementor-section-height-default elementor-section-height-default\" data-id=\"df123fc\" data-element_type=\"section\" data-e-type=\"section\">\n\t\t\t\t\t\t<div class=\"elementor-container elementor-column-gap-no\">\n\t\t\t\t\t<div class=\"elementor-column elementor-col-100 elementor-top-column elementor-element elementor-element-1a66602b\" data-id=\"1a66602b\" data-element_type=\"column\" data-e-type=\"column\">\n\t\t\t<div class=\"elementor-widget-wrap elementor-element-populated\">\n\t\t\t\t\t\t<div class=\"elementor-element elementor-element-520cb4ab elementor-widget elementor-widget-spacer\" data-id=\"520cb4ab\" data-element_type=\"widget\" data-e-type=\"widget\" data-widget_type=\"spacer.default\">\n\t\t\t\t<div class=\"elementor-widget-container\">\n\t\t\t\t\t\t\t<div class=\"elementor-spacer\">\n\t\t\t<div class=\"elementor-spacer-inner\"><\/div>\n\t\t<\/div>\n\t\t\t\t\t\t<\/div>\n\t\t\t\t<\/div>\n\t\t\t\t<div class=\"elementor-element elementor-element-c7b0be0 elementor-widget elementor-widget-image\" data-id=\"c7b0be0\" data-element_type=\"widget\" data-e-type=\"widget\" data-widget_type=\"image.default\">\n\t\t\t\t<div class=\"elementor-widget-container\">\n\t\t\t\t\t\t\t\t\t\t\t\t\t\t\t<img fetchpriority=\"high\" decoding=\"async\" width=\"1387\" height=\"1402\" src=\"https:\/\/formkiosk.se\/wp-content\/uploads\/2025\/09\/Eisel-Miranda-1-1.png\" class=\"attachment-full size-full wp-image-2659\" alt=\"\" srcset=\"https:\/\/formkiosk.se\/wp-content\/uploads\/2025\/09\/Eisel-Miranda-1-1.png 1387w, https:\/\/formkiosk.se\/wp-content\/uploads\/2025\/09\/Eisel-Miranda-1-1-297x300.png 297w, https:\/\/formkiosk.se\/wp-content\/uploads\/2025\/09\/Eisel-Miranda-1-1-1013x1024.png 1013w, https:\/\/formkiosk.se\/wp-content\/uploads\/2025\/09\/Eisel-Miranda-1-1-768x776.png 768w, https:\/\/formkiosk.se\/wp-content\/uploads\/2025\/09\/Eisel-Miranda-1-1-12x12.png 12w\" sizes=\"(max-width: 1387px) 100vw, 1387px\" \/>\t\t\t\t\t\t\t\t\t\t\t\t\t\t\t<\/div>\n\t\t\t\t<\/div>\n\t\t\t\t<div class=\"elementor-element elementor-element-7e83a547 elementor-widget elementor-widget-spacer\" data-id=\"7e83a547\" data-element_type=\"widget\" data-e-type=\"widget\" data-widget_type=\"spacer.default\">\n\t\t\t\t<div class=\"elementor-widget-container\">\n\t\t\t\t\t\t\t<div class=\"elementor-spacer\">\n\t\t\t<div class=\"elementor-spacer-inner\"><\/div>\n\t\t<\/div>\n\t\t\t\t\t\t<\/div>\n\t\t\t\t<\/div>\n\t\t\t\t<div class=\"elementor-element elementor-element-185ab05c eael-infobox-content-align--center elementor-widget elementor-widget-eael-info-box\" data-id=\"185ab05c\" data-element_type=\"widget\" data-e-type=\"widget\" data-widget_type=\"eael-info-box.default\">\n\t\t\t\t<div class=\"elementor-widget-container\">\n\t\t\t\t\t        <div class=\"eael-infobox icon-on-top\">\n\t            <div class=\"infobox-content\">\n        <div><p><b>Eisel Miranda Robles<\/b><\/p><p>0727091919<\/p><p><a href=\"mailto:eisel@formkiosk.se\"><b>eisel@formkiosk.se<\/b><\/a><\/p><p>G\u00f6teborg, Sverige<\/p><\/div>        <\/div>\n            <\/div>\n\n\t\t\t\t\t\t<\/div>\n\t\t\t\t<\/div>\n\t\t\t\t\t<\/div>\n\t\t<\/div>\n\t\t\t\t\t<\/div>\n\t\t<\/section>\n\t\t\t\t<section class=\"elementor-section elementor-top-section elementor-element elementor-element-1c07509 elementor-section-boxed elementor-section-height-default elementor-section-height-default\" data-id=\"1c07509\" data-element_type=\"section\" data-e-type=\"section\">\n\t\t\t\t\t\t<div class=\"elementor-container elementor-column-gap-default\">\n\t\t\t\t\t<div class=\"elementor-column elementor-col-100 elementor-top-column elementor-element elementor-element-a0bc561\" data-id=\"a0bc561\" data-element_type=\"column\" data-e-type=\"column\">\n\t\t\t<div class=\"elementor-widget-wrap elementor-element-populated\">\n\t\t\t\t\t\t<div class=\"elementor-element elementor-element-81651ec elementor-widget elementor-widget-spacer\" data-id=\"81651ec\" data-element_type=\"widget\" data-e-type=\"widget\" data-widget_type=\"spacer.default\">\n\t\t\t\t<div class=\"elementor-widget-container\">\n\t\t\t\t\t\t\t<div class=\"elementor-spacer\">\n\t\t\t<div class=\"elementor-spacer-inner\"><\/div>\n\t\t<\/div>\n\t\t\t\t\t\t<\/div>\n\t\t\t\t<\/div>\n\t\t\t\t<div class=\"elementor-element elementor-element-46cd5c2 elementor-shape-circle elementor-grid-0 e-grid-align-center elementor-widget elementor-widget-social-icons\" data-id=\"46cd5c2\" data-element_type=\"widget\" data-e-type=\"widget\" data-widget_type=\"social-icons.default\">\n\t\t\t\t<div class=\"elementor-widget-container\">\n\t\t\t\t\t\t\t<div class=\"elementor-social-icons-wrapper elementor-grid\" role=\"list\">\n\t\t\t\t\t\t\t<span class=\"elementor-grid-item\" role=\"listitem\">\n\t\t\t\t\t<a class=\"elementor-icon elementor-social-icon elementor-social-icon-instagram elementor-animation-shrink elementor-repeater-item-dd4f0a7\" href=\"https:\/\/www.instagram.com\/eisel_design\/\" target=\"_blank\">\n\t\t\t\t\t\t<span class=\"elementor-screen-only\">Instagram<\/span>\n\t\t\t\t\t\t<i aria-hidden=\"true\" class=\"fab fa-instagram\"><\/i>\t\t\t\t\t<\/a>\n\t\t\t\t<\/span>\n\t\t\t\t\t\t\t<span class=\"elementor-grid-item\" role=\"listitem\">\n\t\t\t\t\t<a class=\"elementor-icon elementor-social-icon elementor-social-icon-linkedin elementor-animation-shrink elementor-repeater-item-c8e9f1b\" href=\"https:\/\/www.linkedin.com\/in\/eisel-miranda\/\" target=\"_blank\">\n\t\t\t\t\t\t<span class=\"elementor-screen-only\">Linkedin<\/span>\n\t\t\t\t\t\t<i aria-hidden=\"true\" class=\"fab fa-linkedin\"><\/i>\t\t\t\t\t<\/a>\n\t\t\t\t<\/span>\n\t\t\t\t\t<\/div>\n\t\t\t\t\t\t<\/div>\n\t\t\t\t<\/div>\n\t\t\t\t<div class=\"elementor-element elementor-element-f84cd51 elementor-widget elementor-widget-spacer\" data-id=\"f84cd51\" data-element_type=\"widget\" data-e-type=\"widget\" data-widget_type=\"spacer.default\">\n\t\t\t\t<div class=\"elementor-widget-container\">\n\t\t\t\t\t\t\t<div class=\"elementor-spacer\">\n\t\t\t<div class=\"elementor-spacer-inner\"><\/div>\n\t\t<\/div>\n\t\t\t\t\t\t<\/div>\n\t\t\t\t<\/div>\n\t\t\t\t\t<\/div>\n\t\t<\/div>\n\t\t\t\t\t<\/div>\n\t\t<\/section>\n\t\t\t\t<\/div>\n\t\t","protected":false},"excerpt":{"rendered":"<p>Offertf\u00f6rfr\u00e5gan Please enable JavaScript in your browser to complete this form.Please enable JavaScript in your browser to complete this form.Namn *Mejl *TelefonF\u00f6retagVad kan vi hj\u00e4lpa med?V\u00e4ljF\u00f6rpackningsdesignDesign f\u00f6r restaurangerBranding &amp; identitetWebbsidaAnimeringBarnkulturdesign \/ WorkshopsAnnatMeddelande * Skicka Eisel Miranda Robles 0727091919 eisel@formkiosk.se G\u00f6teborg, Sverige Instagram Linkedin<\/p>","protected":false},"author":1,"featured_media":1082,"parent":0,"menu_order":0,"comment_status":"closed","ping_status":"closed","template":"","meta":{"_acf_changed":false,"footnotes":""},"class_list":["post-2004","page","type-page","status-publish","has-post-thumbnail","hentry"],"acf":[],"_links":{"self":[{"href":"https:\/\/formkiosk.se\/sv\/wp-json\/wp\/v2\/pages\/2004","targetHints":{"allow":["GET"]}}],"collection":[{"href":"https:\/\/formkiosk.se\/sv\/wp-json\/wp\/v2\/pages"}],"about":[{"href":"https:\/\/formkiosk.se\/sv\/wp-json\/wp\/v2\/types\/page"}],"author":[{"embeddable":true,"href":"https:\/\/formkiosk.se\/sv\/wp-json\/wp\/v2\/users\/1"}],"replies":[{"embeddable":true,"href":"https:\/\/formkiosk.se\/sv\/wp-json\/wp\/v2\/comments?post=2004"}],"version-history":[{"count":59,"href":"https:\/\/formkiosk.se\/sv\/wp-json\/wp\/v2\/pages\/2004\/revisions"}],"predecessor-version":[{"id":2680,"href":"https:\/\/formkiosk.se\/sv\/wp-json\/wp\/v2\/pages\/2004\/revisions\/2680"}],"wp:featuredmedia":[{"embeddable":true,"href":"https:\/\/formkiosk.se\/sv\/wp-json\/wp\/v2\/media\/1082"}],"wp:attachment":[{"href":"https:\/\/formkiosk.se\/sv\/wp-json\/wp\/v2\/media?parent=2004"}],"curies":[{"name":"wp","href":"https:\/\/api.w.org\/{rel}","templated":true}]}}