{"id":2317,"date":"2025-09-01T17:43:08","date_gmt":"2025-09-01T17:43:08","guid":{"rendered":"https:\/\/formkiosk.se\/?page_id=2317"},"modified":"2025-10-02T19:39:09","modified_gmt":"2025-10-02T19:39:09","slug":"formkiosk","status":"publish","type":"page","link":"https:\/\/formkiosk.se\/sv\/","title":{"rendered":"Formkiosk"},"content":{"rendered":"<div data-elementor-type=\"wp-page\" data-elementor-id=\"2317\" class=\"elementor elementor-2317\">\n\t\t\t\t\t\t<section class=\"elementor-section elementor-top-section elementor-element elementor-element-21e8653 elementor-section-boxed elementor-section-height-default elementor-section-height-default\" data-id=\"21e8653\" data-element_type=\"section\" data-e-type=\"section\">\n\t\t\t\t\t\t<div class=\"elementor-container elementor-column-gap-default\">\n\t\t\t\t\t<div class=\"elementor-column elementor-col-100 elementor-top-column elementor-element elementor-element-efb70e6\" data-id=\"efb70e6\" data-element_type=\"column\" data-e-type=\"column\">\n\t\t\t<div class=\"elementor-widget-wrap elementor-element-populated\">\n\t\t\t\t\t\t<div class=\"elementor-element elementor-element-a8afc16 elementor-widget elementor-widget-image\" data-id=\"a8afc16\" data-element_type=\"widget\" data-e-type=\"widget\" data-widget_type=\"image.default\">\n\t\t\t\t<div class=\"elementor-widget-container\">\n\t\t\t\t\t\t\t\t\t\t\t\t\t\t\t<img decoding=\"async\" src=\"https:\/\/formkiosk.se\/wp-content\/uploads\/2023\/08\/Imported-Image.png\" title=\"Animation by @slowanimate\" alt=\"Animation by @slowanimate\" loading=\"lazy\" \/>\t\t\t\t\t\t\t\t\t\t\t\t\t\t\t<\/div>\n\t\t\t\t<\/div>\n\t\t\t\t<div class=\"elementor-element elementor-element-4b77f7a elementor-widget elementor-widget-image-carousel\" data-id=\"4b77f7a\" data-element_type=\"widget\" data-e-type=\"widget\" data-settings=\"{&quot;slides_to_show&quot;:&quot;1&quot;,&quot;navigation&quot;:&quot;none&quot;,&quot;effect&quot;:&quot;fade&quot;,&quot;autoplay&quot;:&quot;yes&quot;,&quot;pause_on_hover&quot;:&quot;yes&quot;,&quot;pause_on_interaction&quot;:&quot;yes&quot;,&quot;autoplay_speed&quot;:5000,&quot;infinite&quot;:&quot;yes&quot;,&quot;speed&quot;:500}\" data-widget_type=\"image-carousel.default\">\n\t\t\t\t<div class=\"elementor-widget-container\">\n\t\t\t\t\t\t\t<div class=\"elementor-image-carousel-wrapper swiper\" role=\"region\" aria-roledescription=\"carousel\" aria-label=\"Exempel p\u00e5 design fr\u00e5n Formkiosk: f\u00f6rpackning, meny, informationsmaterial f\u00f6r barn\" dir=\"ltr\">\n\t\t\t<div class=\"elementor-image-carousel swiper-wrapper\" aria-live=\"off\">\n\t\t\t\t\t\t\t\t<div class=\"swiper-slide\" role=\"group\" aria-roledescription=\"slide\" aria-label=\"1 av 7\" data-no-translation-aria-label=\"\"><a data-elementor-open-lightbox=\"yes\" data-elementor-lightbox-slideshow=\"4b77f7a\" data-elementor-lightbox-title=\"Masala Posters\" data-e-action-hash=\"#elementor-action%3Aaction%3Dlightbox%26settings%3DeyJpZCI6MjM5MCwidXJsIjoiaHR0cHM6XC9cL2Zvcm1raW9zay5zZVwvd3AtY29udGVudFwvdXBsb2Fkc1wvMjAyNVwvMDlcL01hc2FsYS1Qb3N0ZXJzLU1vY2t1cHMtR0lGLmdpZiIsInNsaWRlc2hvdyI6IjRiNzdmN2EifQ%3D%3D\" href=\"https:\/\/formkiosk.se\/sv\/graphic-design\/\"><figure class=\"swiper-slide-inner\"><img decoding=\"async\" class=\"swiper-slide-image\" src=\"https:\/\/formkiosk.se\/wp-content\/uploads\/2025\/09\/Masala-Posters-Mockups-GIF.gif\" alt=\"Masala Posters\" \/><\/figure><\/a><\/div><div class=\"swiper-slide\" role=\"group\" aria-roledescription=\"slide\" aria-label=\"2 av 7\" data-no-translation-aria-label=\"\"><a data-elementor-open-lightbox=\"yes\" data-elementor-lightbox-slideshow=\"4b77f7a\" data-elementor-lightbox-title=\"ICA Pizzakit\" data-e-action-hash=\"#elementor-action%3Aaction%3Dlightbox%26settings%3DeyJpZCI6MjM4MiwidXJsIjoiaHR0cHM6XC9cL2Zvcm1raW9zay5zZVwvd3AtY29udGVudFwvdXBsb2Fkc1wvMjAyNVwvMDlcLzA3MzE4NjkwMTY2NzI2X0MxTDFfczAyLmpwZyIsInNsaWRlc2hvdyI6IjRiNzdmN2EifQ%3D%3D\" href=\"https:\/\/formkiosk.se\/sv\/graphic-design\/\"><figure class=\"swiper-slide-inner\"><img decoding=\"async\" class=\"swiper-slide-image\" src=\"https:\/\/formkiosk.se\/wp-content\/uploads\/2025\/09\/07318690166726_C1L1_s02.jpg\" alt=\"ICA Pizzakit\" \/><\/figure><\/a><\/div><div class=\"swiper-slide\" role=\"group\" aria-roledescription=\"slide\" aria-label=\"3 av 7\" data-no-translation-aria-label=\"\"><a data-elementor-open-lightbox=\"yes\" data-elementor-lightbox-slideshow=\"4b77f7a\" data-elementor-lightbox-title=\"Masala Kitchen &amp; Bar\" data-e-action-hash=\"#elementor-action%3Aaction%3Dlightbox%26settings%3DeyJpZCI6MjM5NCwidXJsIjoiaHR0cHM6XC9cL2Zvcm1raW9zay5zZVwvd3AtY29udGVudFwvdXBsb2Fkc1wvMjAyNVwvMDlcL01hc2FsYS1hLWxhLWNhcnRlLU1lbnUtTW9ja3VwLTIwMjUtaWtvbi5qcGciLCJzbGlkZXNob3ciOiI0Yjc3ZjdhIn0%3D\" href=\"https:\/\/formkiosk.se\/sv\/graphic-design\/\"><figure class=\"swiper-slide-inner\"><img decoding=\"async\" class=\"swiper-slide-image\" src=\"https:\/\/formkiosk.se\/wp-content\/uploads\/2025\/09\/Masala-a-la-carte-Menu-Mockup-2025-ikon.jpg\" alt=\"Masala Kitchen &amp; Bar\" \/><\/figure><\/a><\/div><div class=\"swiper-slide\" role=\"group\" aria-roledescription=\"slide\" aria-label=\"4 av 7\" data-no-translation-aria-label=\"\"><a data-elementor-open-lightbox=\"yes\" data-elementor-lightbox-slideshow=\"4b77f7a\" data-elementor-lightbox-title=\"ICA Sesamkakor\" data-e-action-hash=\"#elementor-action%3Aaction%3Dlightbox%26settings%3DeyJpZCI6MjgxOCwidXJsIjoiaHR0cHM6XC9cL2Zvcm1raW9zay5zZVwvd3AtY29udGVudFwvdXBsb2Fkc1wvMjAyNVwvMTBcL1Nlc2Fta2Frb3ItTW9ja3VwLmpwZyIsInNsaWRlc2hvdyI6IjRiNzdmN2EifQ%3D%3D\" href=\"https:\/\/formkiosk.se\/sv\/graphic-design\/\"><figure class=\"swiper-slide-inner\"><img decoding=\"async\" class=\"swiper-slide-image\" src=\"https:\/\/formkiosk.se\/wp-content\/uploads\/2025\/10\/Sesamkakor-Mockup.jpg\" alt=\"ICA Sesamkakor\" \/><\/figure><\/a><\/div><div class=\"swiper-slide\" role=\"group\" aria-roledescription=\"slide\" aria-label=\"5 av 7\" data-no-translation-aria-label=\"\"><a data-elementor-open-lightbox=\"yes\" data-elementor-lightbox-slideshow=\"4b77f7a\" data-elementor-lightbox-title=\"Spice Room\" data-e-action-hash=\"#elementor-action%3Aaction%3Dlightbox%26settings%3DeyJpZCI6NTczLCJ1cmwiOiJodHRwczpcL1wvZm9ybWtpb3NrLnNlXC93cC1jb250ZW50XC91cGxvYWRzXC8yMDIzXC8wM1wvU1ItMi01MDAuanBnIiwic2xpZGVzaG93IjoiNGI3N2Y3YSJ9\" href=\"https:\/\/formkiosk.se\/sv\/graphic-design\/\"><figure class=\"swiper-slide-inner\"><img decoding=\"async\" class=\"swiper-slide-image\" src=\"https:\/\/formkiosk.se\/wp-content\/uploads\/2023\/03\/SR-2-500.jpg\" alt=\"Business card for an elegant Indian restaurant placed on a wooden plate with flowers\" \/><\/figure><\/a><\/div><div class=\"swiper-slide\" role=\"group\" aria-roledescription=\"slide\" aria-label=\"6 av 7\" data-no-translation-aria-label=\"\"><a data-elementor-open-lightbox=\"yes\" data-elementor-lightbox-slideshow=\"4b77f7a\" data-elementor-lightbox-title=\"Mexikanska Monarkin\" data-e-action-hash=\"#elementor-action%3Aaction%3Dlightbox%26settings%3DeyJpZCI6ODcyLCJ1cmwiOiJodHRwczpcL1wvZm9ybWtpb3NrLnNlXC93cC1jb250ZW50XC91cGxvYWRzXC8yMDIzXC8wNVwvTWV4aWthbnNrYS1Nb25hcmtpbi01MDAtMy5qcGciLCJzbGlkZXNob3ciOiI0Yjc3ZjdhIn0%3D\" href=\"https:\/\/formkiosk.se\/sv\/graphic-design\/\"><figure class=\"swiper-slide-inner\"><img decoding=\"async\" class=\"swiper-slide-image\" src=\"https:\/\/formkiosk.se\/wp-content\/uploads\/2023\/05\/Mexikanska-Monarkin-500-3.jpg\" alt=\"Front and back cover of a Mexican restaurant food menu\" \/><\/figure><\/a><\/div><div class=\"swiper-slide\" role=\"group\" aria-roledescription=\"slide\" aria-label=\"7 av 7\" data-no-translation-aria-label=\"\"><a data-elementor-open-lightbox=\"yes\" data-elementor-lightbox-slideshow=\"4b77f7a\" data-elementor-lightbox-title=\"Areca Clean\" data-e-action-hash=\"#elementor-action%3Aaction%3Dlightbox%26settings%3DeyJpZCI6NTc1LCJ1cmwiOiJodHRwczpcL1wvZm9ybWtpb3NrLnNlXC93cC1jb250ZW50XC91cGxvYWRzXC8yMDIzXC8wM1wvQXJlY2EtQ2xlYW4tMi01MDAuanBnIiwic2xpZGVzaG93IjoiNGI3N2Y3YSJ9\" href=\"https:\/\/formkiosk.se\/sv\/graphic-design\/\"><figure class=\"swiper-slide-inner\"><img decoding=\"async\" class=\"swiper-slide-image\" src=\"https:\/\/formkiosk.se\/wp-content\/uploads\/2023\/03\/Areca-Clean-2-500.jpg\" alt=\"Packaging design for all-purpose cleaner tablets\" \/><\/figure><\/a><\/div>\t\t\t<\/div>\n\t\t\t\t\t\t\t\n\t\t\t\t\t\t\t\t\t<\/div>\n\t\t\t\t\t\t<\/div>\n\t\t\t\t<\/div>\n\t\t\t\t\t<\/div>\n\t\t<\/div>\n\t\t\t\t\t<\/div>\n\t\t<\/section>\n\t\t\t\t<section class=\"elementor-section elementor-top-section elementor-element elementor-element-b7fc7d1 elementor-section-boxed elementor-section-height-default elementor-section-height-default\" data-id=\"b7fc7d1\" data-element_type=\"section\" data-e-type=\"section\">\n\t\t\t\t\t\t<div class=\"elementor-container elementor-column-gap-no\">\n\t\t\t\t\t<div class=\"elementor-column elementor-col-100 elementor-top-column elementor-element elementor-element-b72091e\" data-id=\"b72091e\" data-element_type=\"column\" data-e-type=\"column\">\n\t\t\t<div class=\"elementor-widget-wrap elementor-element-populated\">\n\t\t\t\t\t\t<div class=\"elementor-element elementor-element-09a9341 elementor-hidden-mobile elementor-widget elementor-widget-spacer\" data-id=\"09a9341\" data-element_type=\"widget\" data-e-type=\"widget\" data-widget_type=\"spacer.default\">\n\t\t\t\t<div class=\"elementor-widget-container\">\n\t\t\t\t\t\t\t<div class=\"elementor-spacer\">\n\t\t\t<div class=\"elementor-spacer-inner\"><\/div>\n\t\t<\/div>\n\t\t\t\t\t\t<\/div>\n\t\t\t\t<\/div>\n\t\t\t\t<div class=\"elementor-element elementor-element-06f4d2d elementor-widget elementor-widget-heading\" data-id=\"06f4d2d\" data-element_type=\"widget\" data-e-type=\"widget\" data-widget_type=\"heading.default\">\n\t\t\t\t<div class=\"elementor-widget-container\">\n\t\t\t\t\t<h1 class=\"elementor-heading-title elementor-size-default\">Design som ber\u00f6r och \u00f6kar din f\u00f6rs\u00e4ljning<\/h1>\t\t\t\t<\/div>\n\t\t\t\t<\/div>\n\t\t\t\t<div class=\"elementor-element elementor-element-2bb04f8 elementor-widget elementor-widget-text-editor\" data-id=\"2bb04f8\" data-element_type=\"widget\" data-e-type=\"widget\" data-widget_type=\"text-editor.default\">\n\t\t\t\t<div class=\"elementor-widget-container\">\n\t\t\t\t\t\t\t\t\t<p>P\u00e5 Formkiosk formges f\u00f6rpackningar, menyer och identiteter som f\u00e5r m\u00e4nniskor att stanna upp, k\u00e4nna igen sig \u2013 och vilja k\u00f6pa.<\/p>\t\t\t\t\t\t\t\t<\/div>\n\t\t\t\t<\/div>\n\t\t\t\t<div class=\"elementor-element elementor-element-a5ae92e elementor-widget elementor-widget-spacer\" data-id=\"a5ae92e\" data-element_type=\"widget\" data-e-type=\"widget\" data-widget_type=\"spacer.default\">\n\t\t\t\t<div class=\"elementor-widget-container\">\n\t\t\t\t\t\t\t<div class=\"elementor-spacer\">\n\t\t\t<div class=\"elementor-spacer-inner\"><\/div>\n\t\t<\/div>\n\t\t\t\t\t\t<\/div>\n\t\t\t\t<\/div>\n\t\t\t\t<div class=\"elementor-element elementor-element-c3aa79a elementor-view-default elementor-widget elementor-widget-icon\" data-id=\"c3aa79a\" data-element_type=\"widget\" data-e-type=\"widget\" data-widget_type=\"icon.default\">\n\t\t\t\t<div class=\"elementor-widget-container\">\n\t\t\t\t\t\t\t<div class=\"elementor-icon-wrapper\">\n\t\t\t<a class=\"elementor-icon elementor-animation-bob\" href=\"https:\/\/formkiosk.se\/sv\/kontakt\/\">\n\t\t\t<i aria-hidden=\"true\" class=\"far fa-envelope\"><\/i>\t\t\t<\/a>\n\t\t<\/div>\n\t\t\t\t\t\t<\/div>\n\t\t\t\t<\/div>\n\t\t\t\t<div class=\"elementor-element elementor-element-85d931d elementor-widget elementor-widget-text-editor\" data-id=\"85d931d\" data-element_type=\"widget\" data-e-type=\"widget\" data-widget_type=\"text-editor.default\">\n\t\t\t\t<div class=\"elementor-widget-container\">\n\t\t\t\t\t\t\t\t\t<p><a href=\"https:\/\/formkiosk.se\/sv\/kontakt\/\">Klicka h\u00e4r f\u00f6r ett f\u00f6rsta samtal<\/a><\/p>\t\t\t\t\t\t\t\t<\/div>\n\t\t\t\t<\/div>\n\t\t\t\t<div class=\"elementor-element elementor-element-a6da518 elementor-widget elementor-widget-spacer\" data-id=\"a6da518\" data-element_type=\"widget\" data-e-type=\"widget\" data-widget_type=\"spacer.default\">\n\t\t\t\t<div class=\"elementor-widget-container\">\n\t\t\t\t\t\t\t<div class=\"elementor-spacer\">\n\t\t\t<div class=\"elementor-spacer-inner\"><\/div>\n\t\t<\/div>\n\t\t\t\t\t\t<\/div>\n\t\t\t\t<\/div>\n\t\t\t\t<div class=\"elementor-element elementor-element-d122d93 elementor-widget elementor-widget-heading\" data-id=\"d122d93\" data-element_type=\"widget\" data-e-type=\"widget\" data-widget_type=\"heading.default\">\n\t\t\t\t<div class=\"elementor-widget-container\">\n\t\t\t\t\t<h1 class=\"elementor-heading-title elementor-size-default\">Kunder &amp; Samarbeten<\/h1>\t\t\t\t<\/div>\n\t\t\t\t<\/div>\n\t\t\t\t<div class=\"elementor-element elementor-element-7876c63 premium-adv-carousel__infinite premium-adv-carousel__horizontal elementor-widget elementor-widget-premium-media-wheel\" data-id=\"7876c63\" data-element_type=\"widget\" data-e-type=\"widget\" data-widget_type=\"premium-media-wheel.default\">\n\t\t\t\t<div class=\"elementor-widget-container\">\n\t\t\t\t\t\t\t<div class=\"premium-adv-carousel-no-lightbox premium-adv-carousel__container\" data-settings=\"{&quot;type&quot;:&quot;infinite&quot;,&quot;scroll&quot;:false,&quot;speed&quot;:50,&quot;pauseOnHover&quot;:false,&quot;dir&quot;:&quot;horizontal&quot;,&quot;reverse&quot;:&quot;normal&quot;,&quot;renderEvent&quot;:&quot;scroll&quot;}\">\n\n\t\t\t<div style=\"visibility:hidden;\" class=\"premium-adv-carousel__inner-container\">\n\n\t\t\t\t<div class=\"premium-adv-carousel__items\">\n\n\t\t\t\t\t\t\t\t<div class=\"premium-adv-carousel__item-outer-wrapper\">\n\t\t\t\t<div class=\"elementor-repeater-item-c4604ff premium-adv-carousel__item premium-adv-carousel__item-image\">\n\t\t\t\t\t<div class=\"premium-adv-carousel__media-wrap\">\n\t\t\t\t\t\t\t\t\t\t\t\t\t\t<img decoding=\"async\" src=\"https:\/\/formkiosk.se\/wp-content\/uploads\/2025\/09\/Formkiosk-Kunder-11.png\" alt=\"Formkiosk Kunder - Tak &amp; Montage Gruppen\" class=\"premium-adv-carousel__item-img\">\n\t\t\t\t\t\t\t\t\t\t\t\t<\/div>\n\n\t\t\t\t\t\n\t\t\t\t\t\t\t\t\t<\/div>\n\t\t\t<\/div>\n\t\t\t\t\t\t<div class=\"premium-adv-carousel__item-outer-wrapper\">\n\t\t\t\t<div class=\"elementor-repeater-item-cdd2877 premium-adv-carousel__item premium-adv-carousel__item-image\">\n\t\t\t\t\t<div class=\"premium-adv-carousel__media-wrap\">\n\t\t\t\t\t\t\t\t\t\t\t\t\t\t<img decoding=\"async\" src=\"https:\/\/formkiosk.se\/wp-content\/uploads\/2025\/09\/Formkiosk-Kunder-12.png\" alt=\"Formkiosk Kunder - Passalen\" class=\"premium-adv-carousel__item-img\">\n\t\t\t\t\t\t\t\t\t\t\t\t<\/div>\n\n\t\t\t\t\t\n\t\t\t\t\t\t\t\t\t<\/div>\n\t\t\t<\/div>\n\t\t\t\t\t\t<div class=\"premium-adv-carousel__item-outer-wrapper\">\n\t\t\t\t<div class=\"elementor-repeater-item-a6287f2 premium-adv-carousel__item premium-adv-carousel__item-image\">\n\t\t\t\t\t<div class=\"premium-adv-carousel__media-wrap\">\n\t\t\t\t\t\t\t\t\t\t\t\t\t\t<img decoding=\"async\" src=\"https:\/\/formkiosk.se\/wp-content\/uploads\/2025\/09\/Formkiosk-Kunder-09.png\" alt=\"Formkiosk Kunder - Mexikanska Monarkin\" class=\"premium-adv-carousel__item-img\">\n\t\t\t\t\t\t\t\t\t\t\t\t<\/div>\n\n\t\t\t\t\t\n\t\t\t\t\t\t\t\t\t<\/div>\n\t\t\t<\/div>\n\t\t\t\t\t\t<div class=\"premium-adv-carousel__item-outer-wrapper\">\n\t\t\t\t<div class=\"elementor-repeater-item-5211f2c premium-adv-carousel__item premium-adv-carousel__item-image\">\n\t\t\t\t\t<div class=\"premium-adv-carousel__media-wrap\">\n\t\t\t\t\t\t\t\t\t\t\t\t\t\t<img decoding=\"async\" src=\"https:\/\/formkiosk.se\/wp-content\/uploads\/2025\/09\/Formkiosk-Kunder-Cortina.svg\" alt=\"Cortina &amp; K\u00e4ll\" class=\"premium-adv-carousel__item-img\">\n\t\t\t\t\t\t\t\t\t\t\t\t<\/div>\n\n\t\t\t\t\t\n\t\t\t\t\t\t\t\t\t<\/div>\n\t\t\t<\/div>\n\t\t\t\t\t\t<div class=\"premium-adv-carousel__item-outer-wrapper\">\n\t\t\t\t<div class=\"elementor-repeater-item-fc8df75 premium-adv-carousel__item premium-adv-carousel__item-image\">\n\t\t\t\t\t<div class=\"premium-adv-carousel__media-wrap\">\n\t\t\t\t\t\t\t\t\t\t\t\t\t\t<img decoding=\"async\" src=\"https:\/\/formkiosk.se\/wp-content\/uploads\/2025\/09\/Formkiosk-Kunder.png\" alt=\"Formkiosk Kunder- Svensk Form\" class=\"premium-adv-carousel__item-img\">\n\t\t\t\t\t\t\t\t\t\t\t\t<\/div>\n\n\t\t\t\t\t\n\t\t\t\t\t\t\t\t\t<\/div>\n\t\t\t<\/div>\n\t\t\t\t\t\t<div class=\"premium-adv-carousel__item-outer-wrapper\">\n\t\t\t\t<div class=\"elementor-repeater-item-b5a5659 premium-adv-carousel__item premium-adv-carousel__item-image\">\n\t\t\t\t\t<div class=\"premium-adv-carousel__media-wrap\">\n\t\t\t\t\t\t\t\t\t\t\t\t\t\t<img decoding=\"async\" src=\"https:\/\/formkiosk.se\/wp-content\/uploads\/2025\/09\/Formkiosk-Kunder-03.png\" alt=\"Formkiosk Kunder - LBF\" class=\"premium-adv-carousel__item-img\">\n\t\t\t\t\t\t\t\t\t\t\t\t<\/div>\n\n\t\t\t\t\t\n\t\t\t\t\t\t\t\t\t<\/div>\n\t\t\t<\/div>\n\t\t\t\t\t\t<div class=\"premium-adv-carousel__item-outer-wrapper\">\n\t\t\t\t<div class=\"elementor-repeater-item-bf53c8b premium-adv-carousel__item premium-adv-carousel__item-image\">\n\t\t\t\t\t<div class=\"premium-adv-carousel__media-wrap\">\n\t\t\t\t\t\t\t\t\t\t\t\t\t\t<img decoding=\"async\" src=\"https:\/\/formkiosk.se\/wp-content\/uploads\/2025\/09\/Formkiosk-Kunder-05.png\" alt=\"Formkiosk Kunder SpiceRoom\" class=\"premium-adv-carousel__item-img\">\n\t\t\t\t\t\t\t\t\t\t\t\t<\/div>\n\n\t\t\t\t\t\n\t\t\t\t\t\t\t\t\t<\/div>\n\t\t\t<\/div>\n\t\t\t\t\t\t<div class=\"premium-adv-carousel__item-outer-wrapper\">\n\t\t\t\t<div class=\"elementor-repeater-item-5784170 premium-adv-carousel__item premium-adv-carousel__item-image\">\n\t\t\t\t\t<div class=\"premium-adv-carousel__media-wrap\">\n\t\t\t\t\t\t\t\t\t\t\t\t\t\t<img decoding=\"async\" src=\"https:\/\/formkiosk.se\/wp-content\/uploads\/2025\/09\/Formkiosk-Kunder-04.png\" alt=\"Formkiosk Kunder - Liljewall\" class=\"premium-adv-carousel__item-img\">\n\t\t\t\t\t\t\t\t\t\t\t\t<\/div>\n\n\t\t\t\t\t\n\t\t\t\t\t\t\t\t\t<\/div>\n\t\t\t<\/div>\n\t\t\t\t\t\t<div class=\"premium-adv-carousel__item-outer-wrapper\">\n\t\t\t\t<div class=\"elementor-repeater-item-5e69ea0 premium-adv-carousel__item premium-adv-carousel__item-image\">\n\t\t\t\t\t<div class=\"premium-adv-carousel__media-wrap\">\n\t\t\t\t\t\t\t\t\t\t\t\t\t\t<img decoding=\"async\" src=\"https:\/\/formkiosk.se\/wp-content\/uploads\/2025\/09\/Formkiosk-Kunder-01.png\" alt=\"Formkiosk Kunder - ICA\" class=\"premium-adv-carousel__item-img\">\n\t\t\t\t\t\t\t\t\t\t\t\t<\/div>\n\n\t\t\t\t\t\n\t\t\t\t\t\t\t\t\t<\/div>\n\t\t\t<\/div>\n\t\t\t\t\t\t<div class=\"premium-adv-carousel__item-outer-wrapper\">\n\t\t\t\t<div class=\"elementor-repeater-item-fdf5b23 premium-adv-carousel__item premium-adv-carousel__item-image\">\n\t\t\t\t\t<div class=\"premium-adv-carousel__media-wrap\">\n\t\t\t\t\t\t\t\t\t\t\t\t\t\t<img decoding=\"async\" src=\"https:\/\/formkiosk.se\/wp-content\/uploads\/2025\/09\/Formkiosk-Kunder-02.png\" alt=\"Formkiosk Kunder - Masala Familjen\" class=\"premium-adv-carousel__item-img\">\n\t\t\t\t\t\t\t\t\t\t\t\t<\/div>\n\n\t\t\t\t\t\n\t\t\t\t\t\t\t\t\t<\/div>\n\t\t\t<\/div>\n\t\t\t\t\t\t\t<\/div>\n\t\t\t<\/div>\n\t\t<\/div>\n\t\t\t\t\t\t<\/div>\n\t\t\t\t<\/div>\n\t\t\t\t\t<\/div>\n\t\t<\/div>\n\t\t\t\t\t<\/div>\n\t\t<\/section>\n\t\t\t\t<section class=\"elementor-section elementor-top-section elementor-element elementor-element-dad33d9 elementor-section-boxed elementor-section-height-default elementor-section-height-default\" data-id=\"dad33d9\" data-element_type=\"section\" data-e-type=\"section\">\n\t\t\t\t\t\t<div class=\"elementor-container elementor-column-gap-default\">\n\t\t\t\t\t<div class=\"elementor-column elementor-col-100 elementor-top-column elementor-element elementor-element-8ab34fe\" data-id=\"8ab34fe\" data-element_type=\"column\" data-e-type=\"column\">\n\t\t\t<div class=\"elementor-widget-wrap elementor-element-populated\">\n\t\t\t\t\t\t<div class=\"elementor-element elementor-element-c98485b elementor-widget elementor-widget-spacer\" data-id=\"c98485b\" data-element_type=\"widget\" data-e-type=\"widget\" data-widget_type=\"spacer.default\">\n\t\t\t\t<div class=\"elementor-widget-container\">\n\t\t\t\t\t\t\t<div class=\"elementor-spacer\">\n\t\t\t<div class=\"elementor-spacer-inner\"><\/div>\n\t\t<\/div>\n\t\t\t\t\t\t<\/div>\n\t\t\t\t<\/div>\n\t\t\t\t<div class=\"elementor-element elementor-element-376de73 elementor-shape-circle elementor-grid-0 e-grid-align-center elementor-widget elementor-widget-social-icons\" data-id=\"376de73\" data-element_type=\"widget\" data-e-type=\"widget\" data-widget_type=\"social-icons.default\">\n\t\t\t\t<div class=\"elementor-widget-container\">\n\t\t\t\t\t\t\t<div class=\"elementor-social-icons-wrapper elementor-grid\" role=\"list\">\n\t\t\t\t\t\t\t<span class=\"elementor-grid-item\" role=\"listitem\">\n\t\t\t\t\t<a class=\"elementor-icon elementor-social-icon elementor-social-icon-instagram elementor-animation-shrink elementor-repeater-item-dd4f0a7\" href=\"https:\/\/www.instagram.com\/eisel_design\/\" target=\"_blank\">\n\t\t\t\t\t\t<span class=\"elementor-screen-only\">Instagram<\/span>\n\t\t\t\t\t\t<i aria-hidden=\"true\" class=\"fab fa-instagram\"><\/i>\t\t\t\t\t<\/a>\n\t\t\t\t<\/span>\n\t\t\t\t\t\t\t<span class=\"elementor-grid-item\" role=\"listitem\">\n\t\t\t\t\t<a class=\"elementor-icon elementor-social-icon elementor-social-icon-linkedin elementor-animation-shrink elementor-repeater-item-c8e9f1b\" href=\"https:\/\/www.linkedin.com\/in\/eisel-miranda\/\" target=\"_blank\">\n\t\t\t\t\t\t<span class=\"elementor-screen-only\">Linkedin<\/span>\n\t\t\t\t\t\t<i aria-hidden=\"true\" class=\"fab fa-linkedin\"><\/i>\t\t\t\t\t<\/a>\n\t\t\t\t<\/span>\n\t\t\t\t\t<\/div>\n\t\t\t\t\t\t<\/div>\n\t\t\t\t<\/div>\n\t\t\t\t<div class=\"elementor-element elementor-element-9ed2873 elementor-widget elementor-widget-spacer\" data-id=\"9ed2873\" data-element_type=\"widget\" data-e-type=\"widget\" data-widget_type=\"spacer.default\">\n\t\t\t\t<div class=\"elementor-widget-container\">\n\t\t\t\t\t\t\t<div class=\"elementor-spacer\">\n\t\t\t<div class=\"elementor-spacer-inner\"><\/div>\n\t\t<\/div>\n\t\t\t\t\t\t<\/div>\n\t\t\t\t<\/div>\n\t\t\t\t\t<\/div>\n\t\t<\/div>\n\t\t\t\t\t<\/div>\n\t\t<\/section>\n\t\t\t\t<\/div>","protected":false},"excerpt":{"rendered":"<p>Design som ber\u00f6r och \u00f6kar din f\u00f6rs\u00e4ljning P\u00e5 Formkiosk formges f\u00f6rpackningar, menyer och identiteter som f\u00e5r m\u00e4nniskor att stanna upp, k\u00e4nna igen sig \u2013 och vilja k\u00f6pa. Klicka h\u00e4r f\u00f6r ett f\u00f6rsta samtal Kunder &amp; Samarbeten Instagram Linkedin<\/p>","protected":false},"author":1,"featured_media":112,"parent":0,"menu_order":0,"comment_status":"closed","ping_status":"closed","template":"","meta":{"_acf_changed":false,"footnotes":""},"class_list":["post-2317","page","type-page","status-publish","has-post-thumbnail","hentry"],"acf":[],"_links":{"self":[{"href":"https:\/\/formkiosk.se\/sv\/wp-json\/wp\/v2\/pages\/2317","targetHints":{"allow":["GET"]}}],"collection":[{"href":"https:\/\/formkiosk.se\/sv\/wp-json\/wp\/v2\/pages"}],"about":[{"href":"https:\/\/formkiosk.se\/sv\/wp-json\/wp\/v2\/types\/page"}],"author":[{"embeddable":true,"href":"https:\/\/formkiosk.se\/sv\/wp-json\/wp\/v2\/users\/1"}],"replies":[{"embeddable":true,"href":"https:\/\/formkiosk.se\/sv\/wp-json\/wp\/v2\/comments?post=2317"}],"version-history":[{"count":114,"href":"https:\/\/formkiosk.se\/sv\/wp-json\/wp\/v2\/pages\/2317\/revisions"}],"predecessor-version":[{"id":2951,"href":"https:\/\/formkiosk.se\/sv\/wp-json\/wp\/v2\/pages\/2317\/revisions\/2951"}],"wp:featuredmedia":[{"embeddable":true,"href":"https:\/\/formkiosk.se\/sv\/wp-json\/wp\/v2\/media\/112"}],"wp:attachment":[{"href":"https:\/\/formkiosk.se\/sv\/wp-json\/wp\/v2\/media?parent=2317"}],"curies":[{"name":"wp","href":"https:\/\/api.w.org\/{rel}","templated":true}]}}