{"id":2526,"date":"2025-09-21T16:09:04","date_gmt":"2025-09-21T16:09:04","guid":{"rendered":"https:\/\/formkiosk.se\/?page_id=2526"},"modified":"2025-10-05T16:04:46","modified_gmt":"2025-10-05T16:04:46","slug":"om","status":"publish","type":"page","link":"https:\/\/formkiosk.se\/sv\/om\/","title":{"rendered":"Om"},"content":{"rendered":"\t\t<div data-elementor-type=\"wp-page\" data-elementor-id=\"2526\" class=\"elementor elementor-2526\">\n\t\t\t\t\t\t<section class=\"elementor-section elementor-top-section elementor-element elementor-element-407960e elementor-section-boxed elementor-section-height-default elementor-section-height-default\" data-id=\"407960e\" data-element_type=\"section\" data-e-type=\"section\">\n\t\t\t\t\t\t<div class=\"elementor-container elementor-column-gap-default\">\n\t\t\t\t\t<div class=\"elementor-column elementor-col-100 elementor-top-column elementor-element elementor-element-5844712\" data-id=\"5844712\" data-element_type=\"column\" data-e-type=\"column\">\n\t\t\t<div class=\"elementor-widget-wrap elementor-element-populated\">\n\t\t\t\t\t\t<div class=\"elementor-element elementor-element-8be8cc0 elementor-widget elementor-widget-spacer\" data-id=\"8be8cc0\" data-element_type=\"widget\" data-e-type=\"widget\" data-widget_type=\"spacer.default\">\n\t\t\t\t<div class=\"elementor-widget-container\">\n\t\t\t\t\t\t\t<div class=\"elementor-spacer\">\n\t\t\t<div class=\"elementor-spacer-inner\"><\/div>\n\t\t<\/div>\n\t\t\t\t\t\t<\/div>\n\t\t\t\t<\/div>\n\t\t\t\t<div class=\"elementor-element elementor-element-6000dbe premium-atext__switch elementor-widget elementor-widget-premium-addon-fancy-text\" data-id=\"6000dbe\" data-element_type=\"widget\" data-e-type=\"widget\" data-widget_type=\"premium-addon-fancy-text.default\">\n\t\t\t\t<div class=\"elementor-widget-container\">\n\t\t\t\t\t\t\t<div class=\"premium-atext__wrapper premium-atext__typing \" data-start-effect=\"page_load\" data-settings=\"{&quot;effect&quot;:&quot;typing&quot;,&quot;strings&quot;:[&quot;id\\u00e9er&quot;,&quot;dr\\u00f6mmar&quot;,&quot;aff\\u00e4rer&quot;,&quot;produkter&quot;,&quot;spel&quot;],&quot;typeSpeed&quot;:200,&quot;backSpeed&quot;:100,&quot;startDelay&quot;:30,&quot;backDelay&quot;:30,&quot;showCursor&quot;:true,&quot;loop&quot;:true,&quot;loading&quot;:false,&quot;style&quot;:&quot;switch&quot;}\">\n\n\t\t\t<h4 class=\"premium-atext__headline\">\n\t\t\t\t\t\t\t<span class=\"premium-prefix-text\">\n\t\t\t\t\t<span >Formkiosk \u00e4r platsen d\u00e4r<\/span>\n\t\t\t\t<\/span>\n\t\t\t\n\t\t\t\t\t\t<span class=\"premium-atext__text\"><\/span>\n\t\t\n\t\t\t\t\t\t\t<span class=\"premium-suffix-text\">\n\t\t\t\t\t<span >tar fysisk form.<\/span>\n\t\t\t\t<\/span>\n\t\t\t\n\t\t\t\n\t\t\t<\/h4>\n\t\t<\/div>\n\t\t\t\t\t\t<\/div>\n\t\t\t\t<\/div>\n\t\t\t\t\t<\/div>\n\t\t<\/div>\n\t\t\t\t\t<\/div>\n\t\t<\/section>\n\t\t\t\t<section class=\"elementor-section elementor-top-section elementor-element elementor-element-d352b7c elementor-section-boxed elementor-section-height-default elementor-section-height-default\" data-id=\"d352b7c\" data-element_type=\"section\" data-e-type=\"section\">\n\t\t\t\t\t\t<div class=\"elementor-container elementor-column-gap-default\">\n\t\t\t\t\t<div class=\"elementor-column elementor-col-100 elementor-top-column elementor-element elementor-element-3070e2b\" data-id=\"3070e2b\" data-element_type=\"column\" data-e-type=\"column\">\n\t\t\t<div class=\"elementor-widget-wrap elementor-element-populated\">\n\t\t\t\t\t\t<div class=\"elementor-element elementor-element-bff9f29 elementor-widget elementor-widget-spacer\" data-id=\"bff9f29\" data-element_type=\"widget\" data-e-type=\"widget\" data-widget_type=\"spacer.default\">\n\t\t\t\t<div class=\"elementor-widget-container\">\n\t\t\t\t\t\t\t<div class=\"elementor-spacer\">\n\t\t\t<div class=\"elementor-spacer-inner\"><\/div>\n\t\t<\/div>\n\t\t\t\t\t\t<\/div>\n\t\t\t\t<\/div>\n\t\t\t\t<div class=\"elementor-element elementor-element-f945403 eael-infobox-content-align--center elementor-widget elementor-widget-eael-info-box\" data-id=\"f945403\" data-element_type=\"widget\" data-e-type=\"widget\" data-widget_type=\"eael-info-box.default\">\n\t\t\t\t<div class=\"elementor-widget-container\">\n\t\t\t\t\t        <div class=\"eael-infobox icon-on-top\">\n\t            <div class=\"infobox-content\">\n                    <div class=\"infobox-title-section\">\n                <h1 class=\"title\">vem \u00e4r grundaren?<\/h1>            <\/div>\n            <div><p>Eisel \u00e4r en konsult inom grafisk design baserad i Sverige med en master i barnkulturdesign och \u00f6ver tio \u00e5rs erfarenhet av b\u00e5de kommersiella och kulturella uppdrag.<\/p><p>Hon brinner f\u00f6r att skapa design som inte bara ser bra ut, utan som ocks\u00e5 fungerar i verkligheten.<\/p><p>Oavsett om det g\u00e4ller en f\u00f6rpackning som ska sticka ut i butikshyllan, en meny som ska locka g\u00e4ster, eller ett informationsmaterial f\u00f6r barn och unga, hittar hon l\u00f6sningar som g\u00f6r skillnad.<\/p><\/div>        <\/div>\n            <\/div>\n\n\t\t\t\t\t\t<\/div>\n\t\t\t\t<\/div>\n\t\t\t\t\t<\/div>\n\t\t<\/div>\n\t\t\t\t\t<\/div>\n\t\t<\/section>\n\t\t\t\t<section class=\"elementor-section elementor-top-section elementor-element elementor-element-db17607 elementor-section-boxed elementor-section-height-default elementor-section-height-default\" data-id=\"db17607\" data-element_type=\"section\" data-e-type=\"section\">\n\t\t\t\t\t\t<div class=\"elementor-container elementor-column-gap-no\">\n\t\t\t\t\t<div class=\"elementor-column elementor-col-100 elementor-top-column elementor-element elementor-element-74cfcf40\" data-id=\"74cfcf40\" data-element_type=\"column\" data-e-type=\"column\">\n\t\t\t<div class=\"elementor-widget-wrap elementor-element-populated\">\n\t\t\t\t\t\t<div class=\"elementor-element elementor-element-3f92ef1 elementor-widget elementor-widget-spacer\" data-id=\"3f92ef1\" data-element_type=\"widget\" data-e-type=\"widget\" data-widget_type=\"spacer.default\">\n\t\t\t\t<div class=\"elementor-widget-container\">\n\t\t\t\t\t\t\t<div class=\"elementor-spacer\">\n\t\t\t<div class=\"elementor-spacer-inner\"><\/div>\n\t\t<\/div>\n\t\t\t\t\t\t<\/div>\n\t\t\t\t<\/div>\n\t\t\t\t<div class=\"elementor-element elementor-element-8bd2c3b elementor-widget elementor-widget-image\" data-id=\"8bd2c3b\" data-element_type=\"widget\" data-e-type=\"widget\" data-widget_type=\"image.default\">\n\t\t\t\t<div class=\"elementor-widget-container\">\n\t\t\t\t\t\t\t\t\t\t\t\t\t\t\t<img fetchpriority=\"high\" decoding=\"async\" width=\"1387\" height=\"1402\" src=\"https:\/\/formkiosk.se\/wp-content\/uploads\/2025\/09\/Eisel-Miranda.png\" class=\"attachment-full size-full wp-image-2531\" alt=\"\" srcset=\"https:\/\/formkiosk.se\/wp-content\/uploads\/2025\/09\/Eisel-Miranda.png 1387w, https:\/\/formkiosk.se\/wp-content\/uploads\/2025\/09\/Eisel-Miranda-297x300.png 297w, https:\/\/formkiosk.se\/wp-content\/uploads\/2025\/09\/Eisel-Miranda-1013x1024.png 1013w, https:\/\/formkiosk.se\/wp-content\/uploads\/2025\/09\/Eisel-Miranda-768x776.png 768w, https:\/\/formkiosk.se\/wp-content\/uploads\/2025\/09\/Eisel-Miranda-12x12.png 12w\" sizes=\"(max-width: 1387px) 100vw, 1387px\" \/>\t\t\t\t\t\t\t\t\t\t\t\t\t\t\t<\/div>\n\t\t\t\t<\/div>\n\t\t\t\t<div class=\"elementor-element elementor-element-dc5ea elementor-widget elementor-widget-spacer\" data-id=\"dc5ea\" data-element_type=\"widget\" data-e-type=\"widget\" data-widget_type=\"spacer.default\">\n\t\t\t\t<div class=\"elementor-widget-container\">\n\t\t\t\t\t\t\t<div class=\"elementor-spacer\">\n\t\t\t<div class=\"elementor-spacer-inner\"><\/div>\n\t\t<\/div>\n\t\t\t\t\t\t<\/div>\n\t\t\t\t<\/div>\n\t\t\t\t<div class=\"elementor-element elementor-element-27cc264d eael-infobox-content-align--center elementor-widget elementor-widget-eael-info-box\" data-id=\"27cc264d\" data-element_type=\"widget\" data-e-type=\"widget\" data-widget_type=\"eael-info-box.default\">\n\t\t\t\t<div class=\"elementor-widget-container\">\n\t\t\t\t\t        <div class=\"eael-infobox icon-on-top\">\n\t            <div class=\"infobox-content\">\n                    <div class=\"infobox-title-section\">\n                <h1 class=\"title\">Expertomr\u00e5den<\/h1>            <\/div>\n            <div><p><strong>F\u00f6rpackningsdesign<\/strong> \u2013 fr\u00e5n livsmedel till kosmetik, med fokus p\u00e5 att \u00f6ka f\u00f6rs\u00e4ljningen.<\/p><p><strong>Restaurang &amp; caf\u00e9<\/strong> \u2013 menyer, profiler och milj\u00f6er som lockar g\u00e4ster.<\/p><p><strong>Barnkultur &amp; pedagogisk design<\/strong> \u2013 spel, material f\u00f6r skolor, f\u00f6rlag, museer och EdTech.<\/p><p><strong>Branding &amp; identitet<\/strong> \u2013 varum\u00e4rkesprofiler som h\u00e5ller \u00f6ver tid.<\/p><\/div>        <\/div>\n            <\/div>\n\n\t\t\t\t\t\t<\/div>\n\t\t\t\t<\/div>\n\t\t\t\t<div class=\"elementor-element elementor-element-253c9cc elementor-view-default elementor-widget elementor-widget-icon\" data-id=\"253c9cc\" data-element_type=\"widget\" data-e-type=\"widget\" data-widget_type=\"icon.default\">\n\t\t\t\t<div class=\"elementor-widget-container\">\n\t\t\t\t\t\t\t<div class=\"elementor-icon-wrapper\">\n\t\t\t<a class=\"elementor-icon elementor-animation-bob\" href=\"https:\/\/formkiosk.se\/tjanster\/\">\n\t\t\t<i aria-hidden=\"true\" class=\"fas fa-arrow-right\"><\/i>\t\t\t<\/a>\n\t\t<\/div>\n\t\t\t\t\t\t<\/div>\n\t\t\t\t<\/div>\n\t\t\t\t<div class=\"elementor-element elementor-element-d1c6cd7 elementor-widget elementor-widget-text-editor\" data-id=\"d1c6cd7\" data-element_type=\"widget\" data-e-type=\"widget\" data-widget_type=\"text-editor.default\">\n\t\t\t\t<div class=\"elementor-widget-container\">\n\t\t\t\t\t\t\t\t\t<p><a href=\"https:\/\/formkiosk.se\/tjanster\/\">Tj\u00e4nster, priser &amp; paket<\/a><\/p>\t\t\t\t\t\t\t\t<\/div>\n\t\t\t\t<\/div>\n\t\t\t\t<div class=\"elementor-element elementor-element-1ab5d4b elementor-widget elementor-widget-spacer\" data-id=\"1ab5d4b\" data-element_type=\"widget\" data-e-type=\"widget\" data-widget_type=\"spacer.default\">\n\t\t\t\t<div class=\"elementor-widget-container\">\n\t\t\t\t\t\t\t<div class=\"elementor-spacer\">\n\t\t\t<div class=\"elementor-spacer-inner\"><\/div>\n\t\t<\/div>\n\t\t\t\t\t\t<\/div>\n\t\t\t\t<\/div>\n\t\t\t\t<div class=\"elementor-element elementor-element-e7de3a5 eael-infobox-content-align--center elementor-widget elementor-widget-eael-info-box\" data-id=\"e7de3a5\" data-element_type=\"widget\" data-e-type=\"widget\" data-widget_type=\"eael-info-box.default\">\n\t\t\t\t<div class=\"elementor-widget-container\">\n\t\t\t\t\t        <div class=\"eael-infobox icon-on-top\">\n\t            <div class=\"infobox-content\">\n                    <div class=\"infobox-title-section\">\n                <h1 class=\"title\">arbetsprocessen<\/h1>            <\/div>\n            <div><p>Varje uppdrag b\u00f6rjar med att f\u00f6rst\u00e5 <strong>mottagaren<\/strong>: vem ska anv\u00e4nda, l\u00e4sa, \u00f6ppna eller \u00e4ta?<br \/>Genom att kombinera insikter fr\u00e5n barnkultur, beteendedesign och estetik skapar jag l\u00f6sningar som b\u00e5de k\u00e4nns och fungerar.<\/p><p><strong>S\u00e5 h\u00e4r brukar jag arbeta:<\/strong><\/p><p><strong>Utforskning<\/strong> \u2013 Vi definierar m\u00e5l, m\u00e5lgrupp och k\u00e4nsla.<\/p><p><strong>Formid\u00e9<\/strong> \u2013 Jag presenterar visuella sp\u00e5r, skisser och materialval.<\/p><p><strong>Finjustering<\/strong> \u2013 Vi utvecklar konceptet tills allt sitter b\u00e5de funktionellt och emotionellt.<\/p><p><strong>Leverans<\/strong> \u2013 F\u00e4rdiga filer, produktionsunderlag eller digital publicering.<\/p><p>\u00a0<\/p><p>Resultatet? Design som ber\u00e4ttar n\u00e5got och som hj\u00e4lper dig n\u00e5 fram till fler.<\/p><\/div>        <\/div>\n            <\/div>\n\n\t\t\t\t\t\t<\/div>\n\t\t\t\t<\/div>\n\t\t\t\t\t<\/div>\n\t\t<\/div>\n\t\t\t\t\t<\/div>\n\t\t<\/section>\n\t\t\t\t<section class=\"elementor-section elementor-top-section elementor-element elementor-element-84878a5 elementor-section-boxed elementor-section-height-default elementor-section-height-default\" data-id=\"84878a5\" data-element_type=\"section\" data-e-type=\"section\">\n\t\t\t\t\t\t<div class=\"elementor-container elementor-column-gap-default\">\n\t\t\t\t\t<div class=\"elementor-column elementor-col-100 elementor-top-column elementor-element elementor-element-5f85c04\" data-id=\"5f85c04\" data-element_type=\"column\" data-e-type=\"column\">\n\t\t\t<div class=\"elementor-widget-wrap elementor-element-populated\">\n\t\t\t\t\t\t<div class=\"elementor-element elementor-element-0507fe4 elementor-widget elementor-widget-spacer\" data-id=\"0507fe4\" data-element_type=\"widget\" data-e-type=\"widget\" data-widget_type=\"spacer.default\">\n\t\t\t\t<div class=\"elementor-widget-container\">\n\t\t\t\t\t\t\t<div class=\"elementor-spacer\">\n\t\t\t<div class=\"elementor-spacer-inner\"><\/div>\n\t\t<\/div>\n\t\t\t\t\t\t<\/div>\n\t\t\t\t<\/div>\n\t\t\t\t<div class=\"elementor-element elementor-element-2affea8 elementor-widget elementor-widget-text-editor\" data-id=\"2affea8\" data-element_type=\"widget\" data-e-type=\"widget\" data-widget_type=\"text-editor.default\">\n\t\t\t\t<div class=\"elementor-widget-container\">\n\t\t\t\t\t\t\t\t\t<h2>Redo att lyfta ditt varum\u00e4rke?<\/h2>\t\t\t\t\t\t\t\t<\/div>\n\t\t\t\t<\/div>\n\t\t\t\t<div class=\"elementor-element elementor-element-1a4b4879 elementor-view-default elementor-widget elementor-widget-icon\" data-id=\"1a4b4879\" data-element_type=\"widget\" data-e-type=\"widget\" data-widget_type=\"icon.default\">\n\t\t\t\t<div class=\"elementor-widget-container\">\n\t\t\t\t\t\t\t<div class=\"elementor-icon-wrapper\">\n\t\t\t<a class=\"elementor-icon elementor-animation-bob\" href=\"https:\/\/formkiosk.se\/kontakt\/\">\n\t\t\t<i aria-hidden=\"true\" class=\"far fa-envelope\"><\/i>\t\t\t<\/a>\n\t\t<\/div>\n\t\t\t\t\t\t<\/div>\n\t\t\t\t<\/div>\n\t\t\t\t<div class=\"elementor-element elementor-element-4718a234 elementor-widget elementor-widget-text-editor\" data-id=\"4718a234\" data-element_type=\"widget\" data-e-type=\"widget\" data-widget_type=\"text-editor.default\">\n\t\t\t\t<div class=\"elementor-widget-container\">\n\t\t\t\t\t\t\t\t\t<p><a href=\"https:\/\/formkiosk.se\/kontakt\/\">Boka ett kort, kostnadsfritt samtal d\u00e4r vi pratar igenom dina behov.<\/a><br \/>Vi \u00e5terkommer alltid med en tydlig offert.<\/p>\t\t\t\t\t\t\t\t<\/div>\n\t\t\t\t<\/div>\n\t\t\t\t<div class=\"elementor-element elementor-element-484083d4 elementor-widget elementor-widget-spacer\" data-id=\"484083d4\" data-element_type=\"widget\" data-e-type=\"widget\" data-widget_type=\"spacer.default\">\n\t\t\t\t<div class=\"elementor-widget-container\">\n\t\t\t\t\t\t\t<div class=\"elementor-spacer\">\n\t\t\t<div class=\"elementor-spacer-inner\"><\/div>\n\t\t<\/div>\n\t\t\t\t\t\t<\/div>\n\t\t\t\t<\/div>\n\t\t\t\t<div class=\"elementor-element elementor-element-f0fdca3 elementor-widget elementor-widget-heading\" data-id=\"f0fdca3\" data-element_type=\"widget\" data-e-type=\"widget\" data-widget_type=\"heading.default\">\n\t\t\t\t<div class=\"elementor-widget-container\">\n\t\t\t\t\t<h1 class=\"elementor-heading-title elementor-size-default\">Kunder &amp; Samarbeten<\/h1>\t\t\t\t<\/div>\n\t\t\t\t<\/div>\n\t\t\t\t<div class=\"elementor-element elementor-element-57c5ff18 premium-adv-carousel__infinite premium-adv-carousel__horizontal elementor-widget elementor-widget-premium-media-wheel\" data-id=\"57c5ff18\" data-element_type=\"widget\" data-e-type=\"widget\" data-widget_type=\"premium-media-wheel.default\">\n\t\t\t\t<div class=\"elementor-widget-container\">\n\t\t\t\t\t\t\t<div class=\"premium-adv-carousel-no-lightbox premium-adv-carousel__container\" data-settings=\"{&quot;type&quot;:&quot;infinite&quot;,&quot;scroll&quot;:false,&quot;speed&quot;:50,&quot;pauseOnHover&quot;:false,&quot;dir&quot;:&quot;horizontal&quot;,&quot;reverse&quot;:&quot;normal&quot;,&quot;renderEvent&quot;:&quot;scroll&quot;}\">\n\n\t\t\t<div style=\"visibility:hidden;\" class=\"premium-adv-carousel__inner-container\">\n\n\t\t\t\t<div class=\"premium-adv-carousel__items\">\n\n\t\t\t\t\t\t\t\t<div class=\"premium-adv-carousel__item-outer-wrapper\">\n\t\t\t\t<div class=\"elementor-repeater-item-c4604ff premium-adv-carousel__item premium-adv-carousel__item-image\">\n\t\t\t\t\t<div class=\"premium-adv-carousel__media-wrap\">\n\t\t\t\t\t\t\t\t\t\t\t\t\t\t<img decoding=\"async\" src=\"https:\/\/formkiosk.se\/wp-content\/uploads\/2025\/09\/Formkiosk-Kunder-11-1.png\" alt=\"Formkiosk-Kunder-11.png\" class=\"premium-adv-carousel__item-img \">\n\t\t\t\t\t\t\t\t\t\t\t\t<\/div>\n\n\t\t\t\t\t\n\t\t\t\t\t\t\t\t\t<\/div>\n\t\t\t<\/div>\n\t\t\t\t\t\t<div class=\"premium-adv-carousel__item-outer-wrapper\">\n\t\t\t\t<div class=\"elementor-repeater-item-cdd2877 premium-adv-carousel__item premium-adv-carousel__item-image\">\n\t\t\t\t\t<div class=\"premium-adv-carousel__media-wrap\">\n\t\t\t\t\t\t\t\t\t\t\t\t\t\t<img decoding=\"async\" src=\"https:\/\/formkiosk.se\/wp-content\/uploads\/2025\/09\/Formkiosk-Kunder-12-1.png\" alt=\"Formkiosk-Kunder-12.png\" class=\"premium-adv-carousel__item-img \">\n\t\t\t\t\t\t\t\t\t\t\t\t<\/div>\n\n\t\t\t\t\t\n\t\t\t\t\t\t\t\t\t<\/div>\n\t\t\t<\/div>\n\t\t\t\t\t\t<div class=\"premium-adv-carousel__item-outer-wrapper\">\n\t\t\t\t<div class=\"elementor-repeater-item-a6287f2 premium-adv-carousel__item premium-adv-carousel__item-image\">\n\t\t\t\t\t<div class=\"premium-adv-carousel__media-wrap\">\n\t\t\t\t\t\t\t\t\t\t\t\t\t\t<img decoding=\"async\" src=\"https:\/\/formkiosk.se\/wp-content\/uploads\/2025\/09\/Formkiosk-Kunder-09-1.png\" alt=\"Formkiosk-Kunder-09.png\" class=\"premium-adv-carousel__item-img \">\n\t\t\t\t\t\t\t\t\t\t\t\t<\/div>\n\n\t\t\t\t\t\n\t\t\t\t\t\t\t\t\t<\/div>\n\t\t\t<\/div>\n\t\t\t\t\t\t<div class=\"premium-adv-carousel__item-outer-wrapper\">\n\t\t\t\t<div class=\"elementor-repeater-item-5211f2c premium-adv-carousel__item premium-adv-carousel__item-image\">\n\t\t\t\t\t<div class=\"premium-adv-carousel__media-wrap\">\n\t\t\t\t\t\t\t\t\t\t\t\t\t\t<img decoding=\"async\" src=\"https:\/\/formkiosk.se\/wp-content\/uploads\/2025\/09\/Formkiosk-Kunder-Cortina.svg\" alt=\"Cortina &amp; K\u00e4ll\" class=\"premium-adv-carousel__item-img \">\n\t\t\t\t\t\t\t\t\t\t\t\t<\/div>\n\n\t\t\t\t\t\n\t\t\t\t\t\t\t\t\t<\/div>\n\t\t\t<\/div>\n\t\t\t\t\t\t<div class=\"premium-adv-carousel__item-outer-wrapper\">\n\t\t\t\t<div class=\"elementor-repeater-item-fc8df75 premium-adv-carousel__item premium-adv-carousel__item-image\">\n\t\t\t\t\t<div class=\"premium-adv-carousel__media-wrap\">\n\t\t\t\t\t\t\t\t\t\t\t\t\t\t<img decoding=\"async\" src=\"https:\/\/formkiosk.se\/wp-content\/uploads\/2025\/09\/Formkiosk-Kunder-1.png\" alt=\"Formkiosk-Kunder.png\" class=\"premium-adv-carousel__item-img \">\n\t\t\t\t\t\t\t\t\t\t\t\t<\/div>\n\n\t\t\t\t\t\n\t\t\t\t\t\t\t\t\t<\/div>\n\t\t\t<\/div>\n\t\t\t\t\t\t<div class=\"premium-adv-carousel__item-outer-wrapper\">\n\t\t\t\t<div class=\"elementor-repeater-item-b5a5659 premium-adv-carousel__item premium-adv-carousel__item-image\">\n\t\t\t\t\t<div class=\"premium-adv-carousel__media-wrap\">\n\t\t\t\t\t\t\t\t\t\t\t\t\t\t<img decoding=\"async\" src=\"https:\/\/formkiosk.se\/wp-content\/uploads\/2025\/09\/Formkiosk-Kunder-03-1.png\" alt=\"Formkiosk-Kunder-03.png\" class=\"premium-adv-carousel__item-img \">\n\t\t\t\t\t\t\t\t\t\t\t\t<\/div>\n\n\t\t\t\t\t\n\t\t\t\t\t\t\t\t\t<\/div>\n\t\t\t<\/div>\n\t\t\t\t\t\t<div class=\"premium-adv-carousel__item-outer-wrapper\">\n\t\t\t\t<div class=\"elementor-repeater-item-bf53c8b premium-adv-carousel__item premium-adv-carousel__item-image\">\n\t\t\t\t\t<div class=\"premium-adv-carousel__media-wrap\">\n\t\t\t\t\t\t\t\t\t\t\t\t\t\t<img decoding=\"async\" src=\"https:\/\/formkiosk.se\/wp-content\/uploads\/2025\/09\/Formkiosk-Kunder-05-1.png\" alt=\"Formkiosk-Kunder-05.png\" class=\"premium-adv-carousel__item-img \">\n\t\t\t\t\t\t\t\t\t\t\t\t<\/div>\n\n\t\t\t\t\t\n\t\t\t\t\t\t\t\t\t<\/div>\n\t\t\t<\/div>\n\t\t\t\t\t\t<div class=\"premium-adv-carousel__item-outer-wrapper\">\n\t\t\t\t<div class=\"elementor-repeater-item-5784170 premium-adv-carousel__item premium-adv-carousel__item-image\">\n\t\t\t\t\t<div class=\"premium-adv-carousel__media-wrap\">\n\t\t\t\t\t\t\t\t\t\t\t\t\t\t<img decoding=\"async\" src=\"https:\/\/formkiosk.se\/wp-content\/uploads\/2025\/09\/Formkiosk-Kunder-04-1.png\" alt=\"Formkiosk-Kunder-04.png\" class=\"premium-adv-carousel__item-img \">\n\t\t\t\t\t\t\t\t\t\t\t\t<\/div>\n\n\t\t\t\t\t\n\t\t\t\t\t\t\t\t\t<\/div>\n\t\t\t<\/div>\n\t\t\t\t\t\t<div class=\"premium-adv-carousel__item-outer-wrapper\">\n\t\t\t\t<div class=\"elementor-repeater-item-5e69ea0 premium-adv-carousel__item premium-adv-carousel__item-image\">\n\t\t\t\t\t<div class=\"premium-adv-carousel__media-wrap\">\n\t\t\t\t\t\t\t\t\t\t\t\t\t\t<img decoding=\"async\" src=\"https:\/\/formkiosk.se\/wp-content\/uploads\/2025\/09\/Formkiosk-Kunder-01-1.png\" alt=\"Formkiosk-Kunder-01.png\" class=\"premium-adv-carousel__item-img \">\n\t\t\t\t\t\t\t\t\t\t\t\t<\/div>\n\n\t\t\t\t\t\n\t\t\t\t\t\t\t\t\t<\/div>\n\t\t\t<\/div>\n\t\t\t\t\t\t<div class=\"premium-adv-carousel__item-outer-wrapper\">\n\t\t\t\t<div class=\"elementor-repeater-item-fdf5b23 premium-adv-carousel__item premium-adv-carousel__item-image\">\n\t\t\t\t\t<div class=\"premium-adv-carousel__media-wrap\">\n\t\t\t\t\t\t\t\t\t\t\t\t\t\t<img decoding=\"async\" src=\"https:\/\/formkiosk.se\/wp-content\/uploads\/2025\/09\/Formkiosk-Kunder-02-1.png\" alt=\"Formkiosk-Kunder-02.png\" class=\"premium-adv-carousel__item-img \">\n\t\t\t\t\t\t\t\t\t\t\t\t<\/div>\n\n\t\t\t\t\t\n\t\t\t\t\t\t\t\t\t<\/div>\n\t\t\t<\/div>\n\t\t\t\t\t\t\t<\/div>\n\t\t\t<\/div>\n\t\t<\/div>\n\t\t\t\t\t\t<\/div>\n\t\t\t\t<\/div>\n\t\t\t\t\t<\/div>\n\t\t<\/div>\n\t\t\t\t\t<\/div>\n\t\t<\/section>\n\t\t\t\t<section class=\"elementor-section elementor-top-section elementor-element elementor-element-a00575c elementor-section-boxed elementor-section-height-default elementor-section-height-default\" data-id=\"a00575c\" data-element_type=\"section\" data-e-type=\"section\">\n\t\t\t\t\t\t<div class=\"elementor-container elementor-column-gap-default\">\n\t\t\t\t\t<div class=\"elementor-column elementor-col-100 elementor-top-column elementor-element elementor-element-2c8b199\" data-id=\"2c8b199\" data-element_type=\"column\" data-e-type=\"column\">\n\t\t\t<div class=\"elementor-widget-wrap elementor-element-populated\">\n\t\t\t\t\t\t<div class=\"elementor-element elementor-element-5efed1f elementor-widget elementor-widget-spacer\" data-id=\"5efed1f\" data-element_type=\"widget\" data-e-type=\"widget\" data-widget_type=\"spacer.default\">\n\t\t\t\t<div class=\"elementor-widget-container\">\n\t\t\t\t\t\t\t<div class=\"elementor-spacer\">\n\t\t\t<div class=\"elementor-spacer-inner\"><\/div>\n\t\t<\/div>\n\t\t\t\t\t\t<\/div>\n\t\t\t\t<\/div>\n\t\t\t\t<div class=\"elementor-element elementor-element-41aeb09 elementor-shape-circle elementor-grid-0 e-grid-align-center elementor-widget elementor-widget-social-icons\" data-id=\"41aeb09\" data-element_type=\"widget\" data-e-type=\"widget\" data-widget_type=\"social-icons.default\">\n\t\t\t\t<div class=\"elementor-widget-container\">\n\t\t\t\t\t\t\t<div class=\"elementor-social-icons-wrapper elementor-grid\" role=\"list\">\n\t\t\t\t\t\t\t<span class=\"elementor-grid-item\" role=\"listitem\">\n\t\t\t\t\t<a class=\"elementor-icon elementor-social-icon elementor-social-icon-instagram elementor-animation-shrink elementor-repeater-item-dd4f0a7\" href=\"https:\/\/www.instagram.com\/eisel_design\/\" target=\"_blank\">\n\t\t\t\t\t\t<span class=\"elementor-screen-only\">Instagram<\/span>\n\t\t\t\t\t\t<i aria-hidden=\"true\" class=\"fab fa-instagram\"><\/i>\t\t\t\t\t<\/a>\n\t\t\t\t<\/span>\n\t\t\t\t\t\t\t<span class=\"elementor-grid-item\" role=\"listitem\">\n\t\t\t\t\t<a class=\"elementor-icon elementor-social-icon elementor-social-icon-linkedin elementor-animation-shrink elementor-repeater-item-c8e9f1b\" href=\"https:\/\/www.linkedin.com\/in\/eisel-miranda\/\" target=\"_blank\">\n\t\t\t\t\t\t<span class=\"elementor-screen-only\">Linkedin<\/span>\n\t\t\t\t\t\t<i aria-hidden=\"true\" class=\"fab fa-linkedin\"><\/i>\t\t\t\t\t<\/a>\n\t\t\t\t<\/span>\n\t\t\t\t\t<\/div>\n\t\t\t\t\t\t<\/div>\n\t\t\t\t<\/div>\n\t\t\t\t<div class=\"elementor-element elementor-element-640c455 elementor-widget elementor-widget-spacer\" data-id=\"640c455\" data-element_type=\"widget\" data-e-type=\"widget\" data-widget_type=\"spacer.default\">\n\t\t\t\t<div class=\"elementor-widget-container\">\n\t\t\t\t\t\t\t<div class=\"elementor-spacer\">\n\t\t\t<div class=\"elementor-spacer-inner\"><\/div>\n\t\t<\/div>\n\t\t\t\t\t\t<\/div>\n\t\t\t\t<\/div>\n\t\t\t\t\t<\/div>\n\t\t<\/div>\n\t\t\t\t\t<\/div>\n\t\t<\/section>\n\t\t\t\t<\/div>\n\t\t","protected":false},"excerpt":{"rendered":"<p>Formkiosk \u00e4r platsen d\u00e4r tar fysisk form. vem \u00e4r grundaren? Eisel \u00e4r en konsult inom grafisk design baserad i Sverige med en master i barnkulturdesign och \u00f6ver tio \u00e5rs erfarenhet av b\u00e5de kommersiella och kulturella uppdrag. Hon brinner f\u00f6r att skapa design som inte bara ser bra ut, utan som ocks\u00e5 fungerar i verkligheten. Oavsett [&hellip;]<\/p>\n","protected":false},"author":1,"featured_media":1082,"parent":0,"menu_order":0,"comment_status":"closed","ping_status":"closed","template":"","meta":{"_acf_changed":false,"footnotes":""},"class_list":["post-2526","page","type-page","status-publish","has-post-thumbnail","hentry"],"acf":[],"_links":{"self":[{"href":"https:\/\/formkiosk.se\/sv\/wp-json\/wp\/v2\/pages\/2526","targetHints":{"allow":["GET"]}}],"collection":[{"href":"https:\/\/formkiosk.se\/sv\/wp-json\/wp\/v2\/pages"}],"about":[{"href":"https:\/\/formkiosk.se\/sv\/wp-json\/wp\/v2\/types\/page"}],"author":[{"embeddable":true,"href":"https:\/\/formkiosk.se\/sv\/wp-json\/wp\/v2\/users\/1"}],"replies":[{"embeddable":true,"href":"https:\/\/formkiosk.se\/sv\/wp-json\/wp\/v2\/comments?post=2526"}],"version-history":[{"count":66,"href":"https:\/\/formkiosk.se\/sv\/wp-json\/wp\/v2\/pages\/2526\/revisions"}],"predecessor-version":[{"id":3417,"href":"https:\/\/formkiosk.se\/sv\/wp-json\/wp\/v2\/pages\/2526\/revisions\/3417"}],"wp:featuredmedia":[{"embeddable":true,"href":"https:\/\/formkiosk.se\/sv\/wp-json\/wp\/v2\/media\/1082"}],"wp:attachment":[{"href":"https:\/\/formkiosk.se\/sv\/wp-json\/wp\/v2\/media?parent=2526"}],"curies":[{"name":"wp","href":"https:\/\/api.w.org\/{rel}","templated":true}]}}